{"id":415,"date":"2016-11-24T17:06:13","date_gmt":"2016-11-24T17:06:13","guid":{"rendered":"http:\/\/taxirocky.ch\/en\/airport-transfer\/kontakt-bestatigung\/"},"modified":"2016-12-08T18:13:45","modified_gmt":"2016-12-08T17:13:45","slug":"kontakt-bestatigung","status":"publish","type":"page","link":"https:\/\/taxirocky.ch\/en\/kontakt-bestatigung\/","title":{"rendered":"Kontakt Best\u00e4tigung"},"content":{"rendered":"<p>[et_pb_section admin_label=&#8221;section&#8221; transparent_background=&#8221;off&#8221; allow_player_pause=&#8221;off&#8221; inner_shadow=&#8221;off&#8221; parallax=&#8221;off&#8221; parallax_method=&#8221;off&#8221; custom_padding=&#8221;0px||0px|&#8221; padding_mobile=&#8221;off&#8221; make_fullwidth=&#8221;off&#8221; use_custom_width=&#8221;off&#8221; width_unit=&#8221;on&#8221; make_equal=&#8221;off&#8221; use_custom_gutter=&#8221;off&#8221;][et_pb_row admin_label=&#8221;Row&#8221; make_fullwidth=&#8221;on&#8221; use_custom_width=&#8221;off&#8221; width_unit=&#8221;on&#8221; use_custom_gutter=&#8221;on&#8221; padding_mobile=&#8221;off&#8221; allow_player_pause=&#8221;off&#8221; parallax=&#8221;off&#8221; parallax_method=&#8221;off&#8221; make_equal=&#8221;on&#8221; parallax_1=&#8221;off&#8221; parallax_method_1=&#8221;off&#8221; parallax_2=&#8221;off&#8221; parallax_method_2=&#8221;off&#8221; column_padding_mobile=&#8221;on&#8221; gutter_width=&#8221;0&#8243; custom_padding=&#8221;0px||0px|&#8221; padding_top_2=&#8221;8vh&#8221; padding_right_2=&#8221;7%&#8221; padding_bottom_2=&#8221;8vh&#8221; padding_left_2=&#8221;7%&#8221; bg_img_1=&#8221;http:\/\/taxirocky.ch\/wp-content\/uploads\/2016\/12\/taxi-rocky-zermatt.jpg&#8221;][et_pb_column type=&#8221;1_2&#8243;][\/et_pb_column][et_pb_column type=&#8221;1_2&#8243;][et_pb_text admin_label=&#8221;Titel&#8221; background_layout=&#8221;light&#8221; text_orientation=&#8221;left&#8221; use_border_color=&#8221;off&#8221; border_color=&#8221;#ffffff&#8221; border_style=&#8221;solid&#8221; custom_padding=&#8221;||20px|&#8221;]<\/p>\n<h1>Thank you for your request<\/h1>\n<p>[\/et_pb_text][et_pb_divider admin_label=&#8221;Divider&#8221; color=&#8221;#00ccff&#8221; show_divider=&#8221;on&#8221; divider_style=&#8221;solid&#8221; divider_position=&#8221;center&#8221; hide_on_mobile=&#8221;off&#8221; divider_weight=&#8221;8&#8243; custom_css_main_element=&#8221; width: 150px;&#8221;]<br \/>\n[\/et_pb_divider][et_pb_text admin_label=&#8221;Subtitle&#8221; background_layout=&#8221;light&#8221; text_orientation=&#8221;left&#8221; use_border_color=&#8221;off&#8221; border_color=&#8221;#ffffff&#8221; border_style=&#8221;solid&#8221; custom_padding=&#8221;28px|||&#8221;]<\/p>\n<h2>We will contact you as soon as possible.<\/h2>\n<p>[\/et_pb_text][et_pb_text admin_label=&#8221;Text&#8221; background_layout=&#8221;light&#8221; text_orientation=&#8221;left&#8221; use_border_color=&#8221;off&#8221; border_color=&#8221;#ffffff&#8221; border_style=&#8221;solid&#8221; text_font_size=&#8221;18&#8243; custom_padding=&#8221;30px|||&#8221;]<\/p>\n<p>For short-term bookings please call us! Phone +41 (0) 27 967 40 30<\/p>\n<p>With kind regards,<br \/>\nYour Taxi Parkhaus Rocky T\u00e4sch<\/p>\n<h1>Taxi Parkhaus Rocky T\u00e4sch<\/h1>\n<p>Neue Kantonsstrasse<br \/>\n3929 T\u00e4sch\/Zermatt<br \/>\nTel: +41 27 967 4030<br \/>\n<a href=\"mailto:info@taxirocky.ch\">info@taxirocky.ch<\/a><\/p>\n<p>[\/et_pb_text][\/et_pb_column][\/et_pb_row][\/et_pb_section]<\/p>\n","protected":false},"excerpt":{"rendered":"<p>Thank you for your request We will contact you as soon as possible. For short-term bookings please call us! Phone +41 (0) 27 967 40 30 With kind regards, Your Taxi Parkhaus Rocky T\u00e4sch Taxi Parkhaus Rocky T\u00e4sch Neue Kantonsstrasse 3929 T\u00e4sch\/Zermatt Tel: +41 27 967 4030 info@taxirocky.ch<\/p>\n","protected":false},"author":2,"featured_media":0,"parent":0,"menu_order":0,"comment_status":"closed","ping_status":"closed","template":"","meta":{"_acf_changed":false,"_et_pb_use_builder":"on","_et_pb_old_content":"<p>Vielen Dank f\u00fcr Ihre Buchung. Wir werden diese innerhalb der n\u00e4chsten 24 Stunden best\u00e4tigen.<\/p><p>Bei kurzfristigen Buchungen rufen Sie uns bitte an! Telefon 0041 (0)27 967\u00a040 30<\/p><p>Freundliche Gr\u00fcsse, Ihr Taxi Parkhaus Rocky T\u00e4sch<\/p><h1>Taxi Parkhaus Rocky T\u00e4sch<\/h1><address>Neue Kantonsstrasse<br \/> 3929 T\u00e4sch\/Zermatt<br \/> Tel: +41 27 967 4030<\/address>","_et_gb_content_width":"","footnotes":""},"class_list":["post-415","page","type-page","status-publish","hentry"],"acf":[],"yoast_head":"<!-- This site is optimized with the Yoast SEO plugin v27.0 - https:\/\/yoast.com\/product\/yoast-seo-wordpress\/ -->\n<title>Kontakt Best\u00e4tigung - Taxi Rocky Zermatt Parkhaus<\/title>\n<meta name=\"robots\" content=\"index, follow, max-snippet:-1, max-image-preview:large, max-video-preview:-1\" \/>\n<link rel=\"canonical\" href=\"https:\/\/taxirocky.ch\/en\/kontakt-bestatigung\/\" \/>\n<meta property=\"og:locale\" content=\"en_US\" \/>\n<meta property=\"og:type\" content=\"article\" \/>\n<meta property=\"og:title\" content=\"Kontakt Best\u00e4tigung - Taxi Rocky Zermatt Parkhaus\" \/>\n<meta property=\"og:description\" content=\"Thank you for your request We will contact you as soon as possible. For short-term bookings please call us! Phone +41 (0) 27 967 40 30 With kind regards, Your Taxi Parkhaus Rocky T\u00e4sch Taxi Parkhaus Rocky T\u00e4sch Neue Kantonsstrasse 3929 T\u00e4sch\/Zermatt Tel: +41 27 967 4030 info@taxirocky.ch\" \/>\n<meta property=\"og:url\" content=\"https:\/\/taxirocky.ch\/en\/kontakt-bestatigung\/\" \/>\n<meta property=\"og:site_name\" content=\"Taxi Rocky Zermatt Parkhaus\" \/>\n<meta property=\"article:modified_time\" content=\"2016-12-08T17:13:45+00:00\" \/>\n<meta name=\"twitter:card\" content=\"summary_large_image\" \/>\n<meta name=\"twitter:label1\" content=\"Est. reading time\" \/>\n\t<meta name=\"twitter:data1\" content=\"2 minutes\" \/>\n<script type=\"application\/ld+json\" class=\"yoast-schema-graph\">{\"@context\":\"https:\/\/schema.org\",\"@graph\":[{\"@type\":\"WebPage\",\"@id\":\"https:\/\/taxirocky.ch\/en\/kontakt-bestatigung\/\",\"url\":\"https:\/\/taxirocky.ch\/en\/kontakt-bestatigung\/\",\"name\":\"Kontakt Best\u00e4tigung - Taxi Rocky Zermatt Parkhaus\",\"isPartOf\":{\"@id\":\"https:\/\/taxirocky.ch\/#website\"},\"datePublished\":\"2016-11-24T17:06:13+00:00\",\"dateModified\":\"2016-12-08T17:13:45+00:00\",\"breadcrumb\":{\"@id\":\"https:\/\/taxirocky.ch\/en\/kontakt-bestatigung\/#breadcrumb\"},\"inLanguage\":\"en-US\",\"potentialAction\":[{\"@type\":\"ReadAction\",\"target\":[\"https:\/\/taxirocky.ch\/en\/kontakt-bestatigung\/\"]}]},{\"@type\":\"BreadcrumbList\",\"@id\":\"https:\/\/taxirocky.ch\/en\/kontakt-bestatigung\/#breadcrumb\",\"itemListElement\":[{\"@type\":\"ListItem\",\"position\":1,\"name\":\"Home\",\"item\":\"https:\/\/taxirocky.ch\/en\/\"},{\"@type\":\"ListItem\",\"position\":2,\"name\":\"Kontakt Best\u00e4tigung\"}]},{\"@type\":\"WebSite\",\"@id\":\"https:\/\/taxirocky.ch\/#website\",\"url\":\"https:\/\/taxirocky.ch\/\",\"name\":\"Taxi Rocky Zermatt Parkhaus\",\"description\":\"Parkhaus \/ Taxi \/ VIP Taxi \/ Flughafentransfer\",\"potentialAction\":[{\"@type\":\"SearchAction\",\"target\":{\"@type\":\"EntryPoint\",\"urlTemplate\":\"https:\/\/taxirocky.ch\/?s={search_term_string}\"},\"query-input\":{\"@type\":\"PropertyValueSpecification\",\"valueRequired\":true,\"valueName\":\"search_term_string\"}}],\"inLanguage\":\"en-US\"}]}<\/script>\n<!-- \/ Yoast SEO plugin. -->","yoast_head_json":{"title":"Kontakt Best\u00e4tigung - Taxi Rocky Zermatt Parkhaus","robots":{"index":"index","follow":"follow","max-snippet":"max-snippet:-1","max-image-preview":"max-image-preview:large","max-video-preview":"max-video-preview:-1"},"canonical":"https:\/\/taxirocky.ch\/en\/kontakt-bestatigung\/","og_locale":"en_US","og_type":"article","og_title":"Kontakt Best\u00e4tigung - Taxi Rocky Zermatt Parkhaus","og_description":"Thank you for your request We will contact you as soon as possible. For short-term bookings please call us! Phone +41 (0) 27 967 40 30 With kind regards, Your Taxi Parkhaus Rocky T\u00e4sch Taxi Parkhaus Rocky T\u00e4sch Neue Kantonsstrasse 3929 T\u00e4sch\/Zermatt Tel: +41 27 967 4030 info@taxirocky.ch","og_url":"https:\/\/taxirocky.ch\/en\/kontakt-bestatigung\/","og_site_name":"Taxi Rocky Zermatt Parkhaus","article_modified_time":"2016-12-08T17:13:45+00:00","twitter_card":"summary_large_image","twitter_misc":{"Est. reading time":"2 minutes"},"schema":{"@context":"https:\/\/schema.org","@graph":[{"@type":"WebPage","@id":"https:\/\/taxirocky.ch\/en\/kontakt-bestatigung\/","url":"https:\/\/taxirocky.ch\/en\/kontakt-bestatigung\/","name":"Kontakt Best\u00e4tigung - Taxi Rocky Zermatt Parkhaus","isPartOf":{"@id":"https:\/\/taxirocky.ch\/#website"},"datePublished":"2016-11-24T17:06:13+00:00","dateModified":"2016-12-08T17:13:45+00:00","breadcrumb":{"@id":"https:\/\/taxirocky.ch\/en\/kontakt-bestatigung\/#breadcrumb"},"inLanguage":"en-US","potentialAction":[{"@type":"ReadAction","target":["https:\/\/taxirocky.ch\/en\/kontakt-bestatigung\/"]}]},{"@type":"BreadcrumbList","@id":"https:\/\/taxirocky.ch\/en\/kontakt-bestatigung\/#breadcrumb","itemListElement":[{"@type":"ListItem","position":1,"name":"Home","item":"https:\/\/taxirocky.ch\/en\/"},{"@type":"ListItem","position":2,"name":"Kontakt Best\u00e4tigung"}]},{"@type":"WebSite","@id":"https:\/\/taxirocky.ch\/#website","url":"https:\/\/taxirocky.ch\/","name":"Taxi Rocky Zermatt Parkhaus","description":"Parkhaus \/ Taxi \/ VIP Taxi \/ Flughafentransfer","potentialAction":[{"@type":"SearchAction","target":{"@type":"EntryPoint","urlTemplate":"https:\/\/taxirocky.ch\/?s={search_term_string}"},"query-input":{"@type":"PropertyValueSpecification","valueRequired":true,"valueName":"search_term_string"}}],"inLanguage":"en-US"}]}},"_links":{"self":[{"href":"https:\/\/taxirocky.ch\/en\/wp-json\/wp\/v2\/pages\/415","targetHints":{"allow":["GET"]}}],"collection":[{"href":"https:\/\/taxirocky.ch\/en\/wp-json\/wp\/v2\/pages"}],"about":[{"href":"https:\/\/taxirocky.ch\/en\/wp-json\/wp\/v2\/types\/page"}],"author":[{"embeddable":true,"href":"https:\/\/taxirocky.ch\/en\/wp-json\/wp\/v2\/users\/2"}],"replies":[{"embeddable":true,"href":"https:\/\/taxirocky.ch\/en\/wp-json\/wp\/v2\/comments?post=415"}],"version-history":[{"count":0,"href":"https:\/\/taxirocky.ch\/en\/wp-json\/wp\/v2\/pages\/415\/revisions"}],"wp:attachment":[{"href":"https:\/\/taxirocky.ch\/en\/wp-json\/wp\/v2\/media?parent=415"}],"curies":[{"name":"wp","href":"https:\/\/api.w.org\/{rel}","templated":true}]}}